{"id":393,"date":"2023-05-20T13:19:06","date_gmt":"2023-05-20T13:19:06","guid":{"rendered":"https:\/\/sviluppo02.comoweb.it\/zimmer\/doppelzimmer\/"},"modified":"2023-05-22T12:02:10","modified_gmt":"2023-05-22T12:02:10","slug":"doppelzimmer","status":"publish","type":"page","link":"https:\/\/zarera.ch\/de\/zimmer\/doppelzimmer\/","title":{"rendered":"Doppelzimmer"},"content":{"rendered":"\t\t<div data-elementor-type=\"wp-page\" data-elementor-id=\"393\" class=\"elementor elementor-393 elementor-223\" data-elementor-post-type=\"page\">\n\t\t\t\t\t\t<section class=\"elementor-section elementor-top-section elementor-element elementor-element-3ba22e3 elementor-section-boxed elementor-section-height-default elementor-section-height-default\" data-id=\"3ba22e3\" data-element_type=\"section\" data-e-type=\"section\">\n\t\t\t\t\t\t<div class=\"elementor-container elementor-column-gap-default\">\n\t\t\t\t\t<div class=\"elementor-column elementor-col-25 elementor-top-column elementor-element elementor-element-1db202b\" data-id=\"1db202b\" data-element_type=\"column\" data-e-type=\"column\">\n\t\t\t<div class=\"elementor-widget-wrap elementor-element-populated\">\n\t\t\t\t\t\t<div class=\"elementor-element elementor-element-a0eb6f0 elementor-view-default elementor-widget elementor-widget-icon\" data-id=\"a0eb6f0\" data-element_type=\"widget\" data-e-type=\"widget\" data-widget_type=\"icon.default\">\n\t\t\t\t<div class=\"elementor-widget-container\">\n\t\t\t\t\t\t\t<div class=\"elementor-icon-wrapper\">\n\t\t\t<div class=\"elementor-icon\">\n\t\t\t<i aria-hidden=\"true\" class=\"fas fa-wifi\"><\/i>\t\t\t<\/div>\n\t\t<\/div>\n\t\t\t\t\t\t<\/div>\n\t\t\t\t<\/div>\n\t\t\t\t<div class=\"elementor-element elementor-element-7772d59 elementor-widget elementor-widget-heading\" data-id=\"7772d59\" data-element_type=\"widget\" data-e-type=\"widget\" data-widget_type=\"heading.default\">\n\t\t\t\t<div class=\"elementor-widget-container\">\n\t\t\t\t\t<h2 class=\"elementor-heading-title elementor-size-default\">Gratis WLAN<\/h2>\t\t\t\t<\/div>\n\t\t\t\t<\/div>\n\t\t\t\t\t<\/div>\n\t\t<\/div>\n\t\t\t\t<div class=\"elementor-column elementor-col-25 elementor-top-column elementor-element elementor-element-29b56ff\" data-id=\"29b56ff\" data-element_type=\"column\" data-e-type=\"column\">\n\t\t\t<div class=\"elementor-widget-wrap elementor-element-populated\">\n\t\t\t\t\t\t<div class=\"elementor-element elementor-element-1929e08 elementor-view-default elementor-widget elementor-widget-icon\" data-id=\"1929e08\" data-element_type=\"widget\" data-e-type=\"widget\" data-widget_type=\"icon.default\">\n\t\t\t\t<div class=\"elementor-widget-container\">\n\t\t\t\t\t\t\t<div class=\"elementor-icon-wrapper\">\n\t\t\t<div class=\"elementor-icon\">\n\t\t\t<svg xmlns=\"http:\/\/www.w3.org\/2000\/svg\" xmlns:xlink=\"http:\/\/www.w3.org\/1999\/xlink\" fill=\"#000000\" height=\"800px\" width=\"800px\" id=\"Layer_1\" viewBox=\"0 0 512.002 512.002\" xml:space=\"preserve\"><g>\t<g>\t\t<path d=\"M437.02,74.981C388.668,26.629,324.382,0.001,256.001,0.001S123.334,26.629,74.982,74.981   C26.629,123.333,0,187.621,0,256.001s26.629,132.668,74.982,181.02c48.352,48.352,112.638,74.981,181.02,74.981   c68.379,0,132.668-26.629,181.02-74.981c48.352-48.352,74.981-112.64,74.981-181.02S485.372,123.333,437.02,74.981z    M256.001,494.222c-131.356,0-238.222-106.865-238.222-238.221S124.645,17.779,256.001,17.779S494.221,124.645,494.221,256   C494.221,387.357,387.356,494.222,256.001,494.222z\"><\/path>\t<\/g><\/g><g>\t<g>\t\t<path d=\"M181.919,114.794c-2.526-4.211-7.986-5.579-12.195-3.056c-42.692,25.583-71.714,68.311-79.626,117.228   c-0.786,4.849,2.509,9.413,7.356,10.197c0.48,0.077,0.959,0.115,1.429,0.115c4.285,0,8.058-3.105,8.765-7.472   c7.074-43.728,33.03-81.932,71.215-104.817C183.075,124.465,184.443,119.006,181.919,114.794z\"><\/path>\t<\/g><\/g><g>\t<g>\t\t<path d=\"M424.251,183.279c-9.833-9.162-16.64-20.588-19.685-33.04c-8.397-34.344-32.616-63.726-64.781-78.599   c-4.453-2.06-9.738-0.119-11.799,4.338c-2.06,4.457-0.119,9.739,4.338,11.8c27.297,12.622,47.848,37.552,54.973,66.685   c3.871,15.829,12.458,30.291,24.833,41.824c17.05,15.888,26.305,38.376,25.397,61.698c-1.634,41.921-35.78,75.628-77.737,76.737   c-26.829,0.703-52.08-11.958-67.554-33.884c-9.633-13.648-22.664-23.948-37.685-29.785   c-39.149-15.215-64.657-53.682-63.472-95.721c0.717-25.495,11.198-49.538,29.51-67.701c18.311-18.161,42.441-28.448,67.944-28.966   c4.574-0.094,9.18,0.124,13.679,0.648c4.88,0.564,9.29-2.928,9.855-7.805c0.567-4.876-2.929-9.289-7.805-9.855   c-5.296-0.615-10.704-0.87-16.09-0.763c-30.09,0.61-58.538,12.727-80.105,34.118c-21.569,21.394-33.915,49.742-34.762,79.824   c-1.396,49.534,28.665,94.862,74.803,112.794c11.753,4.568,21.989,12.682,29.599,23.465c18.407,26.08,48.136,41.44,79.936,41.44   c0.87,0,1.741-0.012,2.613-0.034c51.291-1.357,93.034-42.566,95.032-93.818C456.403,230.179,445.088,202.698,424.251,183.279z\"><\/path>\t<\/g><\/g><g>\t<g>\t\t<path d=\"M307.364,112.312c-35.836,0-64.99,29.155-64.99,64.99s29.155,64.99,64.99,64.99c9.776,0,19.178-2.119,27.944-6.3   c4.432-2.113,6.311-7.418,4.198-11.85c-2.112-4.432-7.422-6.311-11.849-4.198c-6.359,3.032-13.187,4.569-20.294,4.569   c-26.033,0-47.212-21.179-47.212-47.212s21.179-47.212,47.212-47.212c26.034,0,47.213,21.179,47.213,47.212   c0,9.461-2.787,18.587-8.058,26.391c-2.747,4.069-1.678,9.595,2.391,12.343c4.069,2.749,9.593,1.678,12.342-2.391   c7.264-10.754,11.105-23.321,11.105-36.343C372.356,141.466,343.2,112.312,307.364,112.312z\"><\/path>\t<\/g><\/g><g>\t<g>\t\t<path d=\"M325.084,352.072c-70.201-12.331-136.597-42.542-192.014-87.363c-21.277-17.21-51.724-15.412-70.81,4.17l-0.628,0.644   c-10.313,10.582-15.728,25.111-14.857,39.862c0.871,14.75,7.958,28.539,19.443,37.832c11.719,9.482,23.99,18.566,36.476,27   c4.067,2.749,9.593,1.68,12.342-2.389c2.747-4.068,1.678-9.593-2.391-12.342c-12.063-8.151-23.923-16.929-35.246-26.091   c-7.719-6.245-12.291-15.144-12.876-25.058c-0.586-9.916,2.909-19.292,9.839-26.402l0.62-0.635   c12.645-12.977,32.812-14.167,46.907-2.765c57.756,46.714,126.956,78.199,200.119,91.05c17.853,3.136,30.206,19.122,28.734,37.17   l-0.073,0.891c-0.808,9.899-5.581,18.695-13.442,24.768c-7.861,6.071-17.574,8.467-27.352,6.754   c-60.552-10.626-118.101-31.865-171.046-63.128c-4.224-2.495-9.676-1.093-12.174,3.135c-2.496,4.228-1.093,9.679,3.135,12.174   c54.793,32.354,114.35,54.335,177.015,65.332c3.01,0.529,6.041,0.788,9.061,0.788c11.574,0,22.961-3.82,32.233-10.985   c11.694-9.035,19.09-22.663,20.294-37.415l0.071-0.857C370.685,380.941,352.037,356.806,325.084,352.072z\"><\/path>\t<\/g><\/g><g>\t<g>\t\t<circle cx=\"317.633\" cy=\"260.268\" r=\"8.889\"><\/circle>\t<\/g><\/g><g>\t<g>\t\t<circle cx=\"335.803\" cy=\"295.825\" r=\"8.889\"><\/circle>\t<\/g><\/g><g>\t<g>\t\t<circle cx=\"395.065\" cy=\"246.839\" r=\"8.889\"><\/circle>\t<\/g><\/g><\/svg>\t\t\t<\/div>\n\t\t<\/div>\n\t\t\t\t\t\t<\/div>\n\t\t\t\t<\/div>\n\t\t\t\t<div class=\"elementor-element elementor-element-4871eef elementor-widget elementor-widget-heading\" data-id=\"4871eef\" data-element_type=\"widget\" data-e-type=\"widget\" data-widget_type=\"heading.default\">\n\t\t\t\t<div class=\"elementor-widget-container\">\n\t\t\t\t\t<h2 class=\"elementor-heading-title elementor-size-default\">Fr\u00fchst\u00fcck serviert<\/h2>\t\t\t\t<\/div>\n\t\t\t\t<\/div>\n\t\t\t\t\t<\/div>\n\t\t<\/div>\n\t\t\t\t<div class=\"elementor-column elementor-col-25 elementor-top-column elementor-element elementor-element-fd74e75\" data-id=\"fd74e75\" data-element_type=\"column\" data-e-type=\"column\">\n\t\t\t<div class=\"elementor-widget-wrap elementor-element-populated\">\n\t\t\t\t\t\t<div class=\"elementor-element elementor-element-ed4472b elementor-view-default elementor-widget elementor-widget-icon\" data-id=\"ed4472b\" data-element_type=\"widget\" data-e-type=\"widget\" data-widget_type=\"icon.default\">\n\t\t\t\t<div class=\"elementor-widget-container\">\n\t\t\t\t\t\t\t<div class=\"elementor-icon-wrapper\">\n\t\t\t<div class=\"elementor-icon\">\n\t\t\t<svg xmlns=\"http:\/\/www.w3.org\/2000\/svg\" fill=\"#000000\" width=\"800px\" height=\"800px\" viewBox=\"-5.5 0 32 32\"><title>sun<\/title><path d=\"M10.68 21.64c-3.12 0-5.64-2.52-5.64-5.64s2.52-5.64 5.64-5.64 5.64 2.52 5.64 5.64-2.52 5.64-5.64 5.64zM10.68 12.040c-2.2 0-3.96 1.76-3.96 3.96s1.76 3.96 3.96 3.96 3.96-1.76 3.96-3.96-1.76-3.96-3.96-3.96zM10.68 9.040c-0.48 0-0.84-0.36-0.84-0.84v-2.040c0-0.48 0.36-0.84 0.84-0.84s0.84 0.36 0.84 0.84v2.040c0 0.48-0.36 0.84-0.84 0.84zM16.2 11.32c-0.2 0-0.44-0.080-0.6-0.24-0.32-0.32-0.32-0.84 0-1.2l1.44-1.44c0.32-0.32 0.84-0.32 1.2 0 0.32 0.32 0.32 0.84 0 1.2l-1.44 1.44c-0.2 0.16-0.4 0.24-0.6 0.24zM18.48 16.84c-0.48 0-0.84-0.36-0.84-0.84s0.36-0.84 0.84-0.84h2.040c0.48 0 0.84 0.36 0.84 0.84s-0.36 0.84-0.84 0.84h-2.040zM17.64 23.8c-0.2 0-0.44-0.080-0.6-0.24l-1.44-1.48c-0.32-0.32-0.32-0.84 0-1.2 0.32-0.32 0.84-0.32 1.2 0l1.44 1.44c0.32 0.32 0.32 0.84 0 1.2-0.16 0.2-0.4 0.28-0.6 0.28zM10.68 26.68c-0.48 0-0.84-0.36-0.84-0.84v-2.040c0-0.48 0.36-0.84 0.84-0.84s0.84 0.36 0.84 0.84v2.040c0 0.48-0.36 0.84-0.84 0.84zM3.72 23.8c-0.2 0-0.44-0.080-0.6-0.24-0.32-0.32-0.32-0.84 0-1.2l1.44-1.44c0.32-0.32 0.84-0.32 1.2 0s0.32 0.84 0 1.2l-1.44 1.44c-0.16 0.16-0.4 0.24-0.6 0.24zM0.84 16.84c-0.48 0-0.84-0.36-0.84-0.84s0.36-0.84 0.84-0.84h2.040c0.48 0 0.84 0.36 0.84 0.84s-0.36 0.84-0.84 0.84h-2.040zM5.16 11.32c-0.2 0-0.44-0.080-0.6-0.24l-1.44-1.44c-0.32-0.32-0.32-0.84 0-1.2 0.32-0.32 0.84-0.32 1.2 0l1.44 1.44c0.32 0.32 0.32 0.84 0 1.2-0.16 0.16-0.36 0.24-0.6 0.24z\"><\/path><\/svg>\t\t\t<\/div>\n\t\t<\/div>\n\t\t\t\t\t\t<\/div>\n\t\t\t\t<\/div>\n\t\t\t\t<div class=\"elementor-element elementor-element-b80f015 elementor-widget elementor-widget-heading\" data-id=\"b80f015\" data-element_type=\"widget\" data-e-type=\"widget\" data-widget_type=\"heading.default\">\n\t\t\t\t<div class=\"elementor-widget-container\">\n\t\t\t\t\t<h2 class=\"elementor-heading-title elementor-size-default\">Panoramaterrasse<\/h2>\t\t\t\t<\/div>\n\t\t\t\t<\/div>\n\t\t\t\t\t<\/div>\n\t\t<\/div>\n\t\t\t\t<div class=\"elementor-column elementor-col-25 elementor-top-column elementor-element elementor-element-00031ea\" data-id=\"00031ea\" data-element_type=\"column\" data-e-type=\"column\">\n\t\t\t<div class=\"elementor-widget-wrap elementor-element-populated\">\n\t\t\t\t\t\t<div class=\"elementor-element elementor-element-982f044 elementor-view-default elementor-widget elementor-widget-icon\" data-id=\"982f044\" data-element_type=\"widget\" data-e-type=\"widget\" data-widget_type=\"icon.default\">\n\t\t\t\t<div class=\"elementor-widget-container\">\n\t\t\t\t\t\t\t<div class=\"elementor-icon-wrapper\">\n\t\t\t<div class=\"elementor-icon\">\n\t\t\t<i aria-hidden=\"true\" class=\"fas fa-skiing-nordic\"><\/i>\t\t\t<\/div>\n\t\t<\/div>\n\t\t\t\t\t\t<\/div>\n\t\t\t\t<\/div>\n\t\t\t\t<div class=\"elementor-element elementor-element-d123809 elementor-widget elementor-widget-heading\" data-id=\"d123809\" data-element_type=\"widget\" data-e-type=\"widget\" data-widget_type=\"heading.default\">\n\t\t\t\t<div class=\"elementor-widget-container\">\n\t\t\t\t\t<h2 class=\"elementor-heading-title elementor-size-default\">Ski lift<\/h2>\t\t\t\t<\/div>\n\t\t\t\t<\/div>\n\t\t\t\t\t<\/div>\n\t\t<\/div>\n\t\t\t\t\t<\/div>\n\t\t<\/section>\n\t\t\t\t<section class=\"elementor-section elementor-top-section elementor-element elementor-element-fffafda elementor-section-boxed elementor-section-height-default elementor-section-height-default\" data-id=\"fffafda\" data-element_type=\"section\" data-e-type=\"section\">\n\t\t\t\t\t\t<div class=\"elementor-container elementor-column-gap-default\">\n\t\t\t\t\t<div class=\"elementor-column elementor-col-50 elementor-top-column elementor-element elementor-element-3bca128\" data-id=\"3bca128\" data-element_type=\"column\" data-e-type=\"column\">\n\t\t\t<div class=\"elementor-widget-wrap elementor-element-populated\">\n\t\t\t\t\t\t<div class=\"elementor-element elementor-element-6843035 elementor-widget elementor-widget-heading\" data-id=\"6843035\" data-element_type=\"widget\" data-e-type=\"widget\" data-widget_type=\"heading.default\">\n\t\t\t\t<div class=\"elementor-widget-container\">\n\t\t\t\t\t<h2 class=\"elementor-heading-title elementor-size-default\">Doppelzimmer<\/h2>\t\t\t\t<\/div>\n\t\t\t\t<\/div>\n\t\t\t\t<div class=\"elementor-element elementor-element-f4fac14 elementor-widget-divider--view-line elementor-widget elementor-widget-divider\" data-id=\"f4fac14\" data-element_type=\"widget\" data-e-type=\"widget\" data-widget_type=\"divider.default\">\n\t\t\t\t<div class=\"elementor-widget-container\">\n\t\t\t\t\t\t\t<div class=\"elementor-divider\">\n\t\t\t<span class=\"elementor-divider-separator\">\n\t\t\t\t\t\t<\/span>\n\t\t<\/div>\n\t\t\t\t\t\t<\/div>\n\t\t\t\t<\/div>\n\t\t\t\t<div class=\"elementor-element elementor-element-da643e8 elementor-widget__width-initial elementor-widget elementor-widget-text-editor\" data-id=\"da643e8\" data-element_type=\"widget\" data-e-type=\"widget\" data-widget_type=\"text-editor.default\">\n\t\t\t\t<div class=\"elementor-widget-container\">\n\t\t\t\t\t\t\t\t\t<p>Einzelzimmer mit Bergblick und Balkonm\u00f6glichkeit<\/p>\n\t\t\t\t\t\t\t\t<\/div>\n\t\t\t\t<\/div>\n\t\t\t\t\t<\/div>\n\t\t<\/div>\n\t\t\t\t<div class=\"elementor-column elementor-col-50 elementor-top-column elementor-element elementor-element-12d68a7\" data-id=\"12d68a7\" data-element_type=\"column\" data-e-type=\"column\">\n\t\t\t<div class=\"elementor-widget-wrap elementor-element-populated\">\n\t\t\t\t\t\t<div class=\"elementor-element elementor-element-39bb3be elementor-widget elementor-widget-image\" data-id=\"39bb3be\" data-element_type=\"widget\" data-e-type=\"widget\" data-widget_type=\"image.default\">\n\t\t\t\t<div class=\"elementor-widget-container\">\n\t\t\t\t\t\t\t\t\t\t\t\t\t\t\t<img fetchpriority=\"high\" decoding=\"async\" width=\"1024\" height=\"768\" src=\"https:\/\/zarera.ch\/wp-content\/uploads\/2023\/05\/ef36546f-7f2b-4d0f-b165-964d79131401.webp\" class=\"attachment-large size-large wp-image-329\" alt=\"\" srcset=\"https:\/\/zarera.ch\/wp-content\/uploads\/2023\/05\/ef36546f-7f2b-4d0f-b165-964d79131401.webp 1024w, https:\/\/zarera.ch\/wp-content\/uploads\/2023\/05\/ef36546f-7f2b-4d0f-b165-964d79131401-300x225.webp 300w, https:\/\/zarera.ch\/wp-content\/uploads\/2023\/05\/ef36546f-7f2b-4d0f-b165-964d79131401-768x576.webp 768w\" sizes=\"(max-width: 1024px) 100vw, 1024px\" \/>\t\t\t\t\t\t\t\t\t\t\t\t\t\t\t<\/div>\n\t\t\t\t<\/div>\n\t\t\t\t<div class=\"elementor-element elementor-element-07c8825 elementor-widget elementor-widget-image\" data-id=\"07c8825\" data-element_type=\"widget\" data-e-type=\"widget\" data-widget_type=\"image.default\">\n\t\t\t\t<div class=\"elementor-widget-container\">\n\t\t\t\t\t\t\t\t\t\t\t\t\t\t\t<img decoding=\"async\" width=\"1024\" height=\"683\" src=\"https:\/\/zarera.ch\/wp-content\/uploads\/2023\/05\/zimmer-34-b-1024x683.webp\" class=\"attachment-large size-large wp-image-376\" alt=\"\" srcset=\"https:\/\/zarera.ch\/wp-content\/uploads\/2023\/05\/zimmer-34-b-1024x683.webp 1024w, https:\/\/zarera.ch\/wp-content\/uploads\/2023\/05\/zimmer-34-b-300x200.webp 300w, https:\/\/zarera.ch\/wp-content\/uploads\/2023\/05\/zimmer-34-b-768x512.webp 768w, https:\/\/zarera.ch\/wp-content\/uploads\/2023\/05\/zimmer-34-b.webp 1280w\" sizes=\"(max-width: 1024px) 100vw, 1024px\" \/>\t\t\t\t\t\t\t\t\t\t\t\t\t\t\t<\/div>\n\t\t\t\t<\/div>\n\t\t\t\t\t<\/div>\n\t\t<\/div>\n\t\t\t\t\t<\/div>\n\t\t<\/section>\n\t\t\t\t<\/div>\n\t\t","protected":false},"excerpt":{"rendered":"<p>Gratis WLAN Fr\u00fchst\u00fcck serviert sun Panoramaterrasse Ski lift Einzelzimmer mit Bergblick und Balkonm\u00f6glichkeit<\/p>\n","protected":false},"author":1,"featured_media":0,"parent":391,"menu_order":0,"comment_status":"closed","ping_status":"closed","template":"","meta":{"footnotes":""},"class_list":["post-393","page","type-page","status-publish","hentry"],"_links":{"self":[{"href":"https:\/\/zarera.ch\/de\/wp-json\/wp\/v2\/pages\/393","targetHints":{"allow":["GET"]}}],"collection":[{"href":"https:\/\/zarera.ch\/de\/wp-json\/wp\/v2\/pages"}],"about":[{"href":"https:\/\/zarera.ch\/de\/wp-json\/wp\/v2\/types\/page"}],"author":[{"embeddable":true,"href":"https:\/\/zarera.ch\/de\/wp-json\/wp\/v2\/users\/1"}],"replies":[{"embeddable":true,"href":"https:\/\/zarera.ch\/de\/wp-json\/wp\/v2\/comments?post=393"}],"version-history":[{"count":9,"href":"https:\/\/zarera.ch\/de\/wp-json\/wp\/v2\/pages\/393\/revisions"}],"predecessor-version":[{"id":515,"href":"https:\/\/zarera.ch\/de\/wp-json\/wp\/v2\/pages\/393\/revisions\/515"}],"up":[{"embeddable":true,"href":"https:\/\/zarera.ch\/de\/wp-json\/wp\/v2\/pages\/391"}],"wp:attachment":[{"href":"https:\/\/zarera.ch\/de\/wp-json\/wp\/v2\/media?parent=393"}],"curies":[{"name":"wp","href":"https:\/\/api.w.org\/{rel}","templated":true}]}}