{"id":391,"date":"2023-05-19T11:15:37","date_gmt":"2023-05-19T11:15:37","guid":{"rendered":"https:\/\/sviluppo02.comoweb.it\/zimmer\/"},"modified":"2023-05-22T07:27:22","modified_gmt":"2023-05-22T07:27:22","slug":"zimmer","status":"publish","type":"page","link":"https:\/\/zarera.ch\/de\/zimmer\/","title":{"rendered":"Zimmer"},"content":{"rendered":"\t\t<div data-elementor-type=\"wp-page\" data-elementor-id=\"391\" class=\"elementor elementor-391 elementor-111\" data-elementor-post-type=\"page\">\n\t\t\t\t\t\t<section class=\"elementor-section elementor-top-section elementor-element elementor-element-beacbd2 elementor-section-full_width elementor-section-height-min-height elementor-section-height-default elementor-section-items-middle\" data-id=\"beacbd2\" data-element_type=\"section\" data-e-type=\"section\" data-settings=\"{&quot;background_background&quot;:&quot;classic&quot;}\">\n\t\t\t\t\t\t<div class=\"elementor-container elementor-column-gap-no\">\n\t\t\t\t\t<div class=\"elementor-column elementor-col-100 elementor-top-column elementor-element elementor-element-53be8be\" data-id=\"53be8be\" data-element_type=\"column\" data-e-type=\"column\">\n\t\t\t<div class=\"elementor-widget-wrap elementor-element-populated\">\n\t\t\t\t\t\t<div class=\"elementor-element elementor-element-a0bd489 elementor-widget elementor-widget-heading\" data-id=\"a0bd489\" data-element_type=\"widget\" data-e-type=\"widget\" data-widget_type=\"heading.default\">\n\t\t\t\t<div class=\"elementor-widget-container\">\n\t\t\t\t\t<h2 class=\"elementor-heading-title elementor-size-default\">Zimmer<\/h2>\t\t\t\t<\/div>\n\t\t\t\t<\/div>\n\t\t\t\t\t<\/div>\n\t\t<\/div>\n\t\t\t\t\t<\/div>\n\t\t<\/section>\n\t\t\t\t<section class=\"elementor-section elementor-top-section elementor-element elementor-element-7f3c0b4 elementor-section-boxed elementor-section-height-default elementor-section-height-default\" data-id=\"7f3c0b4\" data-element_type=\"section\" data-e-type=\"section\">\n\t\t\t\t\t\t<div class=\"elementor-container elementor-column-gap-default\">\n\t\t\t\t\t<div class=\"elementor-column elementor-col-25 elementor-top-column elementor-element elementor-element-a0a0b14\" data-id=\"a0a0b14\" data-element_type=\"column\" data-e-type=\"column\" data-settings=\"{&quot;background_background&quot;:&quot;classic&quot;}\">\n\t\t\t<div class=\"elementor-widget-wrap\">\n\t\t\t\t\t\t\t<\/div>\n\t\t<\/div>\n\t\t\t\t<div class=\"elementor-column elementor-col-25 elementor-top-column elementor-element elementor-element-320652d\" data-id=\"320652d\" data-element_type=\"column\" data-e-type=\"column\" data-settings=\"{&quot;background_background&quot;:&quot;classic&quot;}\">\n\t\t\t<div class=\"elementor-widget-wrap\">\n\t\t\t\t\t\t\t<\/div>\n\t\t<\/div>\n\t\t\t\t<div class=\"elementor-column elementor-col-25 elementor-top-column elementor-element elementor-element-dff3fe3\" data-id=\"dff3fe3\" data-element_type=\"column\" data-e-type=\"column\" data-settings=\"{&quot;background_background&quot;:&quot;classic&quot;}\">\n\t\t\t<div class=\"elementor-widget-wrap\">\n\t\t\t\t\t\t\t<\/div>\n\t\t<\/div>\n\t\t\t\t<div class=\"elementor-column elementor-col-25 elementor-top-column elementor-element elementor-element-2524c0d\" data-id=\"2524c0d\" data-element_type=\"column\" data-e-type=\"column\" data-settings=\"{&quot;background_background&quot;:&quot;classic&quot;}\">\n\t\t\t<div class=\"elementor-widget-wrap\">\n\t\t\t\t\t\t\t<\/div>\n\t\t<\/div>\n\t\t\t\t\t<\/div>\n\t\t<\/section>\n\t\t\t\t<section class=\"elementor-section elementor-top-section elementor-element elementor-element-e50a59e elementor-section-boxed elementor-section-height-default elementor-section-height-default\" data-id=\"e50a59e\" data-element_type=\"section\" data-e-type=\"section\">\n\t\t\t\t\t\t<div class=\"elementor-container elementor-column-gap-default\">\n\t\t\t\t\t<div class=\"elementor-column elementor-col-20 elementor-top-column elementor-element elementor-element-714f622\" data-id=\"714f622\" data-element_type=\"column\" data-e-type=\"column\" data-settings=\"{&quot;background_background&quot;:&quot;classic&quot;}\">\n\t\t\t<div class=\"elementor-widget-wrap\">\n\t\t\t\t\t\t\t<\/div>\n\t\t<\/div>\n\t\t\t\t<div class=\"elementor-column elementor-col-20 elementor-top-column elementor-element elementor-element-800d1a9\" data-id=\"800d1a9\" data-element_type=\"column\" data-e-type=\"column\" data-settings=\"{&quot;background_background&quot;:&quot;classic&quot;}\">\n\t\t\t<div class=\"elementor-widget-wrap\">\n\t\t\t\t\t\t\t<\/div>\n\t\t<\/div>\n\t\t\t\t<div class=\"elementor-column elementor-col-20 elementor-top-column elementor-element elementor-element-f824c57\" data-id=\"f824c57\" data-element_type=\"column\" data-e-type=\"column\" data-settings=\"{&quot;background_background&quot;:&quot;classic&quot;}\">\n\t\t\t<div class=\"elementor-widget-wrap\">\n\t\t\t\t\t\t\t<\/div>\n\t\t<\/div>\n\t\t\t\t<div class=\"elementor-column elementor-col-20 elementor-top-column elementor-element elementor-element-3f4ae81\" data-id=\"3f4ae81\" data-element_type=\"column\" data-e-type=\"column\" data-settings=\"{&quot;background_background&quot;:&quot;classic&quot;}\">\n\t\t\t<div class=\"elementor-widget-wrap\">\n\t\t\t\t\t\t\t<\/div>\n\t\t<\/div>\n\t\t\t\t<div class=\"elementor-column elementor-col-20 elementor-top-column elementor-element elementor-element-79c46b4\" data-id=\"79c46b4\" data-element_type=\"column\" data-e-type=\"column\" data-settings=\"{&quot;background_background&quot;:&quot;classic&quot;}\">\n\t\t\t<div class=\"elementor-widget-wrap\">\n\t\t\t\t\t\t\t<\/div>\n\t\t<\/div>\n\t\t\t\t\t<\/div>\n\t\t<\/section>\n\t\t\t\t<section class=\"elementor-section elementor-top-section elementor-element elementor-element-30e3843 elementor-section-boxed elementor-section-height-default elementor-section-height-default\" data-id=\"30e3843\" data-element_type=\"section\" data-e-type=\"section\">\n\t\t\t\t\t\t<div class=\"elementor-container elementor-column-gap-default\">\n\t\t\t\t\t<div class=\"elementor-column elementor-col-50 elementor-top-column elementor-element elementor-element-0c85fc4\" data-id=\"0c85fc4\" data-element_type=\"column\" data-e-type=\"column\">\n\t\t\t<div class=\"elementor-widget-wrap elementor-element-populated\">\n\t\t\t\t\t\t<div class=\"elementor-element elementor-element-36c22a1 elementor-widget elementor-widget-heading\" data-id=\"36c22a1\" data-element_type=\"widget\" data-e-type=\"widget\" data-widget_type=\"heading.default\">\n\t\t\t\t<div class=\"elementor-widget-container\">\n\t\t\t\t\t<h2 class=\"elementor-heading-title elementor-size-default\">Eine L\u00f6sung\n<br>f\u00fcr jeden Bedarf<\/h2>\t\t\t\t<\/div>\n\t\t\t\t<\/div>\n\t\t\t\t<div class=\"elementor-element elementor-element-46775ef elementor-widget-divider--view-line elementor-widget elementor-widget-divider\" data-id=\"46775ef\" data-element_type=\"widget\" data-e-type=\"widget\" data-widget_type=\"divider.default\">\n\t\t\t\t<div class=\"elementor-widget-container\">\n\t\t\t\t\t\t\t<div class=\"elementor-divider\">\n\t\t\t<span class=\"elementor-divider-separator\">\n\t\t\t\t\t\t<\/span>\n\t\t<\/div>\n\t\t\t\t\t\t<\/div>\n\t\t\t\t<\/div>\n\t\t\t\t<div class=\"elementor-element elementor-element-e3a6572 elementor-widget__width-initial elementor-widget elementor-widget-text-editor\" data-id=\"e3a6572\" data-element_type=\"widget\" data-e-type=\"widget\" data-widget_type=\"text-editor.default\">\n\t\t\t\t<div class=\"elementor-widget-container\">\n\t\t\t\t\t\t\t\t\t<p>Unser sch\u00f6nes Haus verf\u00fcgt \u00fcber etwa zehn Zimmer unterschiedlicher Art: Sie k\u00f6nnen sich f\u00fcr ein ger\u00e4umiges Einzel- oder Doppelzimmer mit Blick auf unsere Berge entscheiden, oder Sie w\u00e4hlen unsere sch\u00f6ne, mit allem Komfort ausgestattete Suite.<\/p>\n<p>F\u00fcr die abenteuerlustigeren G\u00e4ste haben wir auch eine Unterkunft im Schlafsaal, mit gemeinsamem Bad.<\/p>\n<p>Aber damit ist es noch nicht getan! Aber das ist noch nicht alles! Wenn Sie eine grosse Gruppe sind oder unabh\u00e4ngiger sein m\u00f6chten, k\u00f6nnen Sie in Zusammenarbeit mit unseren Partnern auch das Appartement Chalet Zarera oder die exklusive Baita Alpina reservieren.<\/p>\n<p>Wenn die Sonne scheint, Sie k\u00f6nnen die Ruhe beim Sonnenbaden auf unserer Terrasse oder in unserem Garten geniessen, wo bequeme St\u00fchle und Liegest\u00fchle auf Sie warten.<\/p>\n\t\t\t\t\t\t\t\t<\/div>\n\t\t\t\t<\/div>\n\t\t\t\t\t<\/div>\n\t\t<\/div>\n\t\t\t\t<div class=\"elementor-column elementor-col-50 elementor-top-column elementor-element elementor-element-9321dc6\" data-id=\"9321dc6\" data-element_type=\"column\" data-e-type=\"column\">\n\t\t\t<div class=\"elementor-widget-wrap elementor-element-populated\">\n\t\t\t\t\t\t<div class=\"elementor-element elementor-element-cb02df7 elementor-widget elementor-widget-image\" data-id=\"cb02df7\" data-element_type=\"widget\" data-e-type=\"widget\" data-widget_type=\"image.default\">\n\t\t\t\t<div class=\"elementor-widget-container\">\n\t\t\t\t\t\t\t\t\t\t\t\t\t\t\t<img fetchpriority=\"high\" decoding=\"async\" width=\"1024\" height=\"683\" src=\"https:\/\/zarera.ch\/wp-content\/uploads\/2023\/05\/ivp_35120-1024x683.webp\" class=\"attachment-large size-large wp-image-354\" alt=\"\" srcset=\"https:\/\/zarera.ch\/wp-content\/uploads\/2023\/05\/ivp_35120-1024x683.webp 1024w, https:\/\/zarera.ch\/wp-content\/uploads\/2023\/05\/ivp_35120-300x200.webp 300w, https:\/\/zarera.ch\/wp-content\/uploads\/2023\/05\/ivp_35120-768x512.webp 768w, https:\/\/zarera.ch\/wp-content\/uploads\/2023\/05\/ivp_35120-1536x1024.webp 1536w, https:\/\/zarera.ch\/wp-content\/uploads\/2023\/05\/ivp_35120.webp 1620w\" sizes=\"(max-width: 1024px) 100vw, 1024px\" \/>\t\t\t\t\t\t\t\t\t\t\t\t\t\t\t<\/div>\n\t\t\t\t<\/div>\n\t\t\t\t<div class=\"elementor-element elementor-element-980d518 elementor-widget elementor-widget-image\" data-id=\"980d518\" data-element_type=\"widget\" data-e-type=\"widget\" data-widget_type=\"image.default\">\n\t\t\t\t<div class=\"elementor-widget-container\">\n\t\t\t\t\t\t\t\t\t\t\t\t\t\t\t<img decoding=\"async\" width=\"1024\" height=\"685\" src=\"https:\/\/zarera.ch\/wp-content\/uploads\/2023\/05\/zimmer-31-b-1024x685.webp\" class=\"attachment-large size-large wp-image-375\" alt=\"\" srcset=\"https:\/\/zarera.ch\/wp-content\/uploads\/2023\/05\/zimmer-31-b-1024x685.webp 1024w, https:\/\/zarera.ch\/wp-content\/uploads\/2023\/05\/zimmer-31-b-300x201.webp 300w, https:\/\/zarera.ch\/wp-content\/uploads\/2023\/05\/zimmer-31-b-768x514.webp 768w, https:\/\/zarera.ch\/wp-content\/uploads\/2023\/05\/zimmer-31-b.webp 1280w\" sizes=\"(max-width: 1024px) 100vw, 1024px\" \/>\t\t\t\t\t\t\t\t\t\t\t\t\t\t\t<\/div>\n\t\t\t\t<\/div>\n\t\t\t\t\t<\/div>\n\t\t<\/div>\n\t\t\t\t\t<\/div>\n\t\t<\/section>\n\t\t\t\t<section class=\"elementor-section elementor-top-section elementor-element elementor-element-1901408 elementor-section-boxed elementor-section-height-default elementor-section-height-default\" data-id=\"1901408\" data-element_type=\"section\" data-e-type=\"section\">\n\t\t\t\t\t\t<div class=\"elementor-container elementor-column-gap-default\">\n\t\t\t\t\t<div class=\"elementor-column elementor-col-33 elementor-top-column elementor-element elementor-element-cae25c2\" data-id=\"cae25c2\" data-element_type=\"column\" data-e-type=\"column\">\n\t\t\t<div class=\"elementor-widget-wrap elementor-element-populated\">\n\t\t\t\t\t\t<div class=\"elementor-element elementor-element-137cd11 elementor-widget elementor-widget-image\" data-id=\"137cd11\" data-element_type=\"widget\" data-e-type=\"widget\" data-widget_type=\"image.default\">\n\t\t\t\t<div class=\"elementor-widget-container\">\n\t\t\t\t\t\t\t\t\t\t\t\t\t\t\t<img decoding=\"async\" width=\"1024\" height=\"683\" src=\"https:\/\/zarera.ch\/wp-content\/uploads\/2023\/05\/zimmer-31-a-1-1024x683.webp\" class=\"attachment-large size-large wp-image-373\" alt=\"\" srcset=\"https:\/\/zarera.ch\/wp-content\/uploads\/2023\/05\/zimmer-31-a-1-1024x683.webp 1024w, https:\/\/zarera.ch\/wp-content\/uploads\/2023\/05\/zimmer-31-a-1-300x200.webp 300w, https:\/\/zarera.ch\/wp-content\/uploads\/2023\/05\/zimmer-31-a-1-768x512.webp 768w, https:\/\/zarera.ch\/wp-content\/uploads\/2023\/05\/zimmer-31-a-1.webp 1280w\" sizes=\"(max-width: 1024px) 100vw, 1024px\" \/>\t\t\t\t\t\t\t\t\t\t\t\t\t\t\t<\/div>\n\t\t\t\t<\/div>\n\t\t\t\t<div class=\"elementor-element elementor-element-fca8bb4 elementor-widget elementor-widget-heading\" data-id=\"fca8bb4\" data-element_type=\"widget\" data-e-type=\"widget\" data-widget_type=\"heading.default\">\n\t\t\t\t<div class=\"elementor-widget-container\">\n\t\t\t\t\t<h2 class=\"elementor-heading-title elementor-size-default\">Einzelzimmer<\/h2>\t\t\t\t<\/div>\n\t\t\t\t<\/div>\n\t\t\t\t<div class=\"elementor-element elementor-element-312484b elementor-widget__width-initial elementor-widget elementor-widget-text-editor\" data-id=\"312484b\" data-element_type=\"widget\" data-e-type=\"widget\" data-widget_type=\"text-editor.default\">\n\t\t\t\t<div class=\"elementor-widget-container\">\n\t\t\t\t\t\t\t\t\t<p>Einzelzimmer mit Bergblick und Balkonm\u00f6glichkeit<\/p>\n\t\t\t\t\t\t\t\t<\/div>\n\t\t\t\t<\/div>\n\t\t\t\t<div class=\"elementor-element elementor-element-c1bf8c2 elementor-align-justify elementor-widget elementor-widget-button\" data-id=\"c1bf8c2\" data-element_type=\"widget\" data-e-type=\"widget\" data-widget_type=\"button.default\">\n\t\t\t\t<div class=\"elementor-widget-container\">\n\t\t\t\t\t\t\t\t\t<div class=\"elementor-button-wrapper\">\n\t\t\t\t\t<a class=\"elementor-button elementor-button-link elementor-size-sm\" href=\"https:\/\/zarera.ch\/de\/zimmer\/einzelzimmer\/\">\n\t\t\t\t\t\t<span class=\"elementor-button-content-wrapper\">\n\t\t\t\t\t\t\t\t\t<span class=\"elementor-button-text\">Details anzeigen<\/span>\n\t\t\t\t\t<\/span>\n\t\t\t\t\t<\/a>\n\t\t\t\t<\/div>\n\t\t\t\t\t\t\t\t<\/div>\n\t\t\t\t<\/div>\n\t\t\t\t\t<\/div>\n\t\t<\/div>\n\t\t\t\t<div class=\"elementor-column elementor-col-33 elementor-top-column elementor-element elementor-element-4618f2b\" data-id=\"4618f2b\" data-element_type=\"column\" data-e-type=\"column\">\n\t\t\t<div class=\"elementor-widget-wrap elementor-element-populated\">\n\t\t\t\t\t\t<div class=\"elementor-element elementor-element-78fae60 elementor-widget elementor-widget-image\" data-id=\"78fae60\" data-element_type=\"widget\" data-e-type=\"widget\" data-widget_type=\"image.default\">\n\t\t\t\t<div class=\"elementor-widget-container\">\n\t\t\t\t\t\t\t\t\t\t\t\t\t\t\t<img fetchpriority=\"high\" decoding=\"async\" width=\"1024\" height=\"683\" src=\"https:\/\/zarera.ch\/wp-content\/uploads\/2023\/05\/ivp_35120-1024x683.webp\" class=\"attachment-large size-large wp-image-354\" alt=\"\" srcset=\"https:\/\/zarera.ch\/wp-content\/uploads\/2023\/05\/ivp_35120-1024x683.webp 1024w, https:\/\/zarera.ch\/wp-content\/uploads\/2023\/05\/ivp_35120-300x200.webp 300w, https:\/\/zarera.ch\/wp-content\/uploads\/2023\/05\/ivp_35120-768x512.webp 768w, https:\/\/zarera.ch\/wp-content\/uploads\/2023\/05\/ivp_35120-1536x1024.webp 1536w, https:\/\/zarera.ch\/wp-content\/uploads\/2023\/05\/ivp_35120.webp 1620w\" sizes=\"(max-width: 1024px) 100vw, 1024px\" \/>\t\t\t\t\t\t\t\t\t\t\t\t\t\t\t<\/div>\n\t\t\t\t<\/div>\n\t\t\t\t<div class=\"elementor-element elementor-element-f795e64 elementor-widget elementor-widget-heading\" data-id=\"f795e64\" data-element_type=\"widget\" data-e-type=\"widget\" data-widget_type=\"heading.default\">\n\t\t\t\t<div class=\"elementor-widget-container\">\n\t\t\t\t\t<h2 class=\"elementor-heading-title elementor-size-default\">Doppelzimmer<\/h2>\t\t\t\t<\/div>\n\t\t\t\t<\/div>\n\t\t\t\t<div class=\"elementor-element elementor-element-70fc180 elementor-widget__width-initial elementor-widget elementor-widget-text-editor\" data-id=\"70fc180\" data-element_type=\"widget\" data-e-type=\"widget\" data-widget_type=\"text-editor.default\">\n\t\t\t\t<div class=\"elementor-widget-container\">\n\t\t\t\t\t\t\t\t\t<p>Doppelzimmer mit Bergsicht und teilweise mit Balkon. Dusche\/WC, TV und WLAN<\/p>\n\t\t\t\t\t\t\t\t<\/div>\n\t\t\t\t<\/div>\n\t\t\t\t<div class=\"elementor-element elementor-element-007b962 elementor-align-justify elementor-widget elementor-widget-button\" data-id=\"007b962\" data-element_type=\"widget\" data-e-type=\"widget\" data-widget_type=\"button.default\">\n\t\t\t\t<div class=\"elementor-widget-container\">\n\t\t\t\t\t\t\t\t\t<div class=\"elementor-button-wrapper\">\n\t\t\t\t\t<a class=\"elementor-button elementor-button-link elementor-size-sm\" href=\"https:\/\/zarera.ch\/de\/zimmer\/doppelzimmer\/\">\n\t\t\t\t\t\t<span class=\"elementor-button-content-wrapper\">\n\t\t\t\t\t\t\t\t\t<span class=\"elementor-button-text\">Details anzeigen<\/span>\n\t\t\t\t\t<\/span>\n\t\t\t\t\t<\/a>\n\t\t\t\t<\/div>\n\t\t\t\t\t\t\t\t<\/div>\n\t\t\t\t<\/div>\n\t\t\t\t\t<\/div>\n\t\t<\/div>\n\t\t\t\t<div class=\"elementor-column elementor-col-33 elementor-top-column elementor-element elementor-element-4de1e99\" data-id=\"4de1e99\" data-element_type=\"column\" data-e-type=\"column\">\n\t\t\t<div class=\"elementor-widget-wrap elementor-element-populated\">\n\t\t\t\t\t\t<div class=\"elementor-element elementor-element-f0cfc8a elementor-widget elementor-widget-image\" data-id=\"f0cfc8a\" data-element_type=\"widget\" data-e-type=\"widget\" data-widget_type=\"image.default\">\n\t\t\t\t<div class=\"elementor-widget-container\">\n\t\t\t\t\t\t\t\t\t\t\t\t\t\t\t<img loading=\"lazy\" decoding=\"async\" width=\"1024\" height=\"682\" src=\"https:\/\/zarera.ch\/wp-content\/uploads\/2023\/05\/zimmer-ohne-nr-a-1024x682.webp\" class=\"attachment-large size-large wp-image-380\" alt=\"\" srcset=\"https:\/\/zarera.ch\/wp-content\/uploads\/2023\/05\/zimmer-ohne-nr-a-1024x682.webp 1024w, https:\/\/zarera.ch\/wp-content\/uploads\/2023\/05\/zimmer-ohne-nr-a-300x200.webp 300w, https:\/\/zarera.ch\/wp-content\/uploads\/2023\/05\/zimmer-ohne-nr-a-768x512.webp 768w, https:\/\/zarera.ch\/wp-content\/uploads\/2023\/05\/zimmer-ohne-nr-a.webp 1280w\" sizes=\"(max-width: 1024px) 100vw, 1024px\" \/>\t\t\t\t\t\t\t\t\t\t\t\t\t\t\t<\/div>\n\t\t\t\t<\/div>\n\t\t\t\t<div class=\"elementor-element elementor-element-8e35854 elementor-widget elementor-widget-heading\" data-id=\"8e35854\" data-element_type=\"widget\" data-e-type=\"widget\" data-widget_type=\"heading.default\">\n\t\t\t\t<div class=\"elementor-widget-container\">\n\t\t\t\t\t<h2 class=\"elementor-heading-title elementor-size-default\">Suite \u2013 Wohnung<\/h2>\t\t\t\t<\/div>\n\t\t\t\t<\/div>\n\t\t\t\t<div class=\"elementor-element elementor-element-dfb6981 elementor-widget__width-initial elementor-widget elementor-widget-text-editor\" data-id=\"dfb6981\" data-element_type=\"widget\" data-e-type=\"widget\" data-widget_type=\"text-editor.default\">\n\t\t\t\t<div class=\"elementor-widget-container\">\n\t\t\t\t\t\t\t\t\t<p>Die Wohnung ist f\u00fcr Familien mit kleinen Kindern geeignet, die in die Natur eintauchen m\u00f6chten. Unabh\u00e4ngigkeit und Ruhe sind garantiert. Die Wohnung verf\u00fcgt \u00fcber ein Wohnzimmer mit Schlafsofa, K\u00fcche, ein Schlafzimmer, ein Badezimmer mit Dusche und einen privaten Balkon. Wenn Sie keine Lust zum Kochen haben, verw\u00f6hnt Sie das Hotelrestaurant gerne mit hausgemachten K\u00f6stlichkeiten auf der Veranda mit Blick auf den Scalino-Gletscher. Bis zu drei G\u00e4ste.<\/p>\n\t\t\t\t\t\t\t\t<\/div>\n\t\t\t\t<\/div>\n\t\t\t\t<div class=\"elementor-element elementor-element-b87fca6 elementor-align-justify elementor-widget elementor-widget-button\" data-id=\"b87fca6\" data-element_type=\"widget\" data-e-type=\"widget\" data-widget_type=\"button.default\">\n\t\t\t\t<div class=\"elementor-widget-container\">\n\t\t\t\t\t\t\t\t\t<div class=\"elementor-button-wrapper\">\n\t\t\t\t\t<a class=\"elementor-button elementor-button-link elementor-size-sm\" href=\"https:\/\/zarera.ch\/de\/zimmer\/suite-wohnung\/\">\n\t\t\t\t\t\t<span class=\"elementor-button-content-wrapper\">\n\t\t\t\t\t\t\t\t\t<span class=\"elementor-button-text\">Details anzeigen<\/span>\n\t\t\t\t\t<\/span>\n\t\t\t\t\t<\/a>\n\t\t\t\t<\/div>\n\t\t\t\t\t\t\t\t<\/div>\n\t\t\t\t<\/div>\n\t\t\t\t\t<\/div>\n\t\t<\/div>\n\t\t\t\t\t<\/div>\n\t\t<\/section>\n\t\t\t\t<\/div>\n\t\t","protected":false},"excerpt":{"rendered":"<p>Zimmer Offerte anfordern Anfrage gesendet, wir werden so schnell wie m\u00f6glich antworten Fehler beim Senden Eine L\u00f6sung f\u00fcr jeden Bedarf Unser sch\u00f6nes Haus verf\u00fcgt \u00fcber etwa zehn Zimmer unterschiedlicher Art: Sie k\u00f6nnen sich f\u00fcr ein ger\u00e4umiges Einzel- oder Doppelzimmer mit Blick auf unsere Berge entscheiden, oder Sie w\u00e4hlen unsere sch\u00f6ne, mit allem Komfort ausgestattete Suite. [&hellip;]<\/p>\n","protected":false},"author":1,"featured_media":0,"parent":0,"menu_order":0,"comment_status":"closed","ping_status":"closed","template":"","meta":{"footnotes":""},"class_list":["post-391","page","type-page","status-publish","hentry"],"_links":{"self":[{"href":"https:\/\/zarera.ch\/de\/wp-json\/wp\/v2\/pages\/391","targetHints":{"allow":["GET"]}}],"collection":[{"href":"https:\/\/zarera.ch\/de\/wp-json\/wp\/v2\/pages"}],"about":[{"href":"https:\/\/zarera.ch\/de\/wp-json\/wp\/v2\/types\/page"}],"author":[{"embeddable":true,"href":"https:\/\/zarera.ch\/de\/wp-json\/wp\/v2\/users\/1"}],"replies":[{"embeddable":true,"href":"https:\/\/zarera.ch\/de\/wp-json\/wp\/v2\/comments?post=391"}],"version-history":[{"count":8,"href":"https:\/\/zarera.ch\/de\/wp-json\/wp\/v2\/pages\/391\/revisions"}],"predecessor-version":[{"id":487,"href":"https:\/\/zarera.ch\/de\/wp-json\/wp\/v2\/pages\/391\/revisions\/487"}],"wp:attachment":[{"href":"https:\/\/zarera.ch\/de\/wp-json\/wp\/v2\/media?parent=391"}],"curies":[{"name":"wp","href":"https:\/\/api.w.org\/{rel}","templated":true}]}}