{"id":389,"date":"2023-05-19T11:15:22","date_gmt":"2023-05-19T11:15:22","guid":{"rendered":"https:\/\/sviluppo02.comoweb.it\/restaurant-terrasse\/"},"modified":"2023-05-22T07:27:03","modified_gmt":"2023-05-22T07:27:03","slug":"restaurant-terrasse","status":"publish","type":"page","link":"https:\/\/zarera.ch\/de\/restaurant-terrasse\/","title":{"rendered":"Restaurant &amp; Terrasse"},"content":{"rendered":"\t\t<div data-elementor-type=\"wp-page\" data-elementor-id=\"389\" class=\"elementor elementor-389 elementor-109\" data-elementor-post-type=\"page\">\n\t\t\t\t\t\t<section class=\"elementor-section elementor-top-section elementor-element elementor-element-00e75ea elementor-section-full_width elementor-section-height-min-height elementor-section-height-default elementor-section-items-middle\" data-id=\"00e75ea\" data-element_type=\"section\" data-e-type=\"section\" data-settings=\"{&quot;background_background&quot;:&quot;classic&quot;}\">\n\t\t\t\t\t\t<div class=\"elementor-container elementor-column-gap-no\">\n\t\t\t\t\t<div class=\"elementor-column elementor-col-100 elementor-top-column elementor-element elementor-element-e550c03\" data-id=\"e550c03\" data-element_type=\"column\" data-e-type=\"column\">\n\t\t\t<div class=\"elementor-widget-wrap elementor-element-populated\">\n\t\t\t\t\t\t<div class=\"elementor-element elementor-element-f47e1f5 elementor-widget elementor-widget-heading\" data-id=\"f47e1f5\" data-element_type=\"widget\" data-e-type=\"widget\" data-widget_type=\"heading.default\">\n\t\t\t\t<div class=\"elementor-widget-container\">\n\t\t\t\t\t<h2 class=\"elementor-heading-title elementor-size-default\">Restaurant<\/h2>\t\t\t\t<\/div>\n\t\t\t\t<\/div>\n\t\t\t\t\t<\/div>\n\t\t<\/div>\n\t\t\t\t\t<\/div>\n\t\t<\/section>\n\t\t\t\t<section class=\"elementor-section elementor-top-section elementor-element elementor-element-e3cfded elementor-section-boxed elementor-section-height-default elementor-section-height-default\" data-id=\"e3cfded\" data-element_type=\"section\" data-e-type=\"section\">\n\t\t\t\t\t\t<div class=\"elementor-container elementor-column-gap-default\">\n\t\t\t\t\t<div class=\"elementor-column elementor-col-25 elementor-top-column elementor-element elementor-element-30e1ad1\" data-id=\"30e1ad1\" data-element_type=\"column\" data-e-type=\"column\" data-settings=\"{&quot;background_background&quot;:&quot;classic&quot;}\">\n\t\t\t<div class=\"elementor-widget-wrap\">\n\t\t\t\t\t\t\t<\/div>\n\t\t<\/div>\n\t\t\t\t<div class=\"elementor-column elementor-col-25 elementor-top-column elementor-element elementor-element-eaddd2d\" data-id=\"eaddd2d\" data-element_type=\"column\" data-e-type=\"column\" data-settings=\"{&quot;background_background&quot;:&quot;classic&quot;}\">\n\t\t\t<div class=\"elementor-widget-wrap\">\n\t\t\t\t\t\t\t<\/div>\n\t\t<\/div>\n\t\t\t\t<div class=\"elementor-column elementor-col-25 elementor-top-column elementor-element elementor-element-66223be\" data-id=\"66223be\" data-element_type=\"column\" data-e-type=\"column\" data-settings=\"{&quot;background_background&quot;:&quot;classic&quot;}\">\n\t\t\t<div class=\"elementor-widget-wrap\">\n\t\t\t\t\t\t\t<\/div>\n\t\t<\/div>\n\t\t\t\t<div class=\"elementor-column elementor-col-25 elementor-top-column elementor-element elementor-element-3c43cd8\" data-id=\"3c43cd8\" data-element_type=\"column\" data-e-type=\"column\" data-settings=\"{&quot;background_background&quot;:&quot;classic&quot;}\">\n\t\t\t<div class=\"elementor-widget-wrap\">\n\t\t\t\t\t\t\t<\/div>\n\t\t<\/div>\n\t\t\t\t\t<\/div>\n\t\t<\/section>\n\t\t\t\t<section class=\"elementor-section elementor-top-section elementor-element elementor-element-4eeeb07 elementor-section-boxed elementor-section-height-default elementor-section-height-default\" data-id=\"4eeeb07\" data-element_type=\"section\" data-e-type=\"section\">\n\t\t\t\t\t\t<div class=\"elementor-container elementor-column-gap-default\">\n\t\t\t\t\t<div class=\"elementor-column elementor-col-20 elementor-top-column elementor-element elementor-element-7e382e0\" data-id=\"7e382e0\" data-element_type=\"column\" data-e-type=\"column\" data-settings=\"{&quot;background_background&quot;:&quot;classic&quot;}\">\n\t\t\t<div class=\"elementor-widget-wrap\">\n\t\t\t\t\t\t\t<\/div>\n\t\t<\/div>\n\t\t\t\t<div class=\"elementor-column elementor-col-20 elementor-top-column elementor-element elementor-element-e2e0fc1\" data-id=\"e2e0fc1\" data-element_type=\"column\" data-e-type=\"column\" data-settings=\"{&quot;background_background&quot;:&quot;classic&quot;}\">\n\t\t\t<div class=\"elementor-widget-wrap\">\n\t\t\t\t\t\t\t<\/div>\n\t\t<\/div>\n\t\t\t\t<div class=\"elementor-column elementor-col-20 elementor-top-column elementor-element elementor-element-4ed0ae2\" data-id=\"4ed0ae2\" data-element_type=\"column\" data-e-type=\"column\" data-settings=\"{&quot;background_background&quot;:&quot;classic&quot;}\">\n\t\t\t<div class=\"elementor-widget-wrap\">\n\t\t\t\t\t\t\t<\/div>\n\t\t<\/div>\n\t\t\t\t<div class=\"elementor-column elementor-col-20 elementor-top-column elementor-element elementor-element-058c9bf\" data-id=\"058c9bf\" data-element_type=\"column\" data-e-type=\"column\" data-settings=\"{&quot;background_background&quot;:&quot;classic&quot;}\">\n\t\t\t<div class=\"elementor-widget-wrap\">\n\t\t\t\t\t\t\t<\/div>\n\t\t<\/div>\n\t\t\t\t<div class=\"elementor-column elementor-col-20 elementor-top-column elementor-element elementor-element-8d5659f\" data-id=\"8d5659f\" data-element_type=\"column\" data-e-type=\"column\" data-settings=\"{&quot;background_background&quot;:&quot;classic&quot;}\">\n\t\t\t<div class=\"elementor-widget-wrap\">\n\t\t\t\t\t\t\t<\/div>\n\t\t<\/div>\n\t\t\t\t\t<\/div>\n\t\t<\/section>\n\t\t\t\t<section class=\"elementor-section elementor-top-section elementor-element elementor-element-0ce5514 elementor-section-boxed elementor-section-height-default elementor-section-height-default\" data-id=\"0ce5514\" data-element_type=\"section\" data-e-type=\"section\">\n\t\t\t\t\t\t<div class=\"elementor-container elementor-column-gap-default\">\n\t\t\t\t\t<div class=\"elementor-column elementor-col-50 elementor-top-column elementor-element elementor-element-d5b9786\" data-id=\"d5b9786\" data-element_type=\"column\" data-e-type=\"column\">\n\t\t\t<div class=\"elementor-widget-wrap elementor-element-populated\">\n\t\t\t\t\t\t<div class=\"elementor-element elementor-element-0d2377a elementor-widget elementor-widget-heading\" data-id=\"0d2377a\" data-element_type=\"widget\" data-e-type=\"widget\" data-widget_type=\"heading.default\">\n\t\t\t\t<div class=\"elementor-widget-container\">\n\t\t\t\t\t<h2 class=\"elementor-heading-title elementor-size-default\">Lassen Sie sich verw\u00f6hnen<\/h2>\t\t\t\t<\/div>\n\t\t\t\t<\/div>\n\t\t\t\t<div class=\"elementor-element elementor-element-4576933 elementor-widget-divider--view-line elementor-widget elementor-widget-divider\" data-id=\"4576933\" data-element_type=\"widget\" data-e-type=\"widget\" data-widget_type=\"divider.default\">\n\t\t\t\t<div class=\"elementor-widget-container\">\n\t\t\t\t\t\t\t<div class=\"elementor-divider\">\n\t\t\t<span class=\"elementor-divider-separator\">\n\t\t\t\t\t\t<\/span>\n\t\t<\/div>\n\t\t\t\t\t\t<\/div>\n\t\t\t\t<\/div>\n\t\t\t\t<div class=\"elementor-element elementor-element-6e323a4 elementor-widget__width-initial elementor-widget elementor-widget-text-editor\" data-id=\"6e323a4\" data-element_type=\"widget\" data-e-type=\"widget\" data-widget_type=\"text-editor.default\">\n\t\t\t\t<div class=\"elementor-widget-container\">\n\t\t\t\t\t\t\t\t\t<p><span lang=\"it\">Zu einem perfekten Bergurlaub geh\u00f6ren zweifellos sch\u00f6ne Tage, unvergessliche Ausfl\u00fcge und Spazierg\u00e4nge im Schnee. Aber Hand in Hand sorgt die K\u00fcche immer f\u00fcr ein stimmiges Gesamterlebnis. <\/span><span lang=\"it\">Und weil wir das wissen, legen wir gro\u00dfen Wert darauf, Sie auch kulinarisch mit k\u00f6stlichen K\u00f6stlichkeiten zu \u00fcberraschen, damit Sie sich bei uns rundum wohlf\u00fchlen!<\/span><\/p>\n\t\t\t\t\t\t\t\t<\/div>\n\t\t\t\t<\/div>\n\t\t\t\t<div class=\"elementor-element elementor-element-ab53c45 elementor-widget-divider--view-line elementor-widget elementor-widget-divider\" data-id=\"ab53c45\" data-element_type=\"widget\" data-e-type=\"widget\" data-widget_type=\"divider.default\">\n\t\t\t\t<div class=\"elementor-widget-container\">\n\t\t\t\t\t\t\t<div class=\"elementor-divider\">\n\t\t\t<span class=\"elementor-divider-separator\">\n\t\t\t\t\t\t<\/span>\n\t\t<\/div>\n\t\t\t\t\t\t<\/div>\n\t\t\t\t<\/div>\n\t\t\t\t<div class=\"elementor-element elementor-element-9702295 elementor-widget__width-initial elementor-widget elementor-widget-text-editor\" data-id=\"9702295\" data-element_type=\"widget\" data-e-type=\"widget\" data-widget_type=\"text-editor.default\">\n\t\t\t\t<div class=\"elementor-widget-container\">\n\t\t\t\t\t\t\t\t\t<p>Unser Herzst\u00fcck ist das Panoramarestaurant mit sonniger Terrasse. Hier k\u00f6nnen Sie in Ruhe sitzen, entspannen und die Aussicht auf die R\u00e4tischen Alpen genie\u00dfen. Genie\u00dfen Sie auch unsere Auswahl an italienischen Gerichten und lokalen Spezialit\u00e4ten, die wir nach alten Familienrezepten f\u00fcr Sie zubereiten. \u00dcbrigens: F\u00fcr unsere Hotelg\u00e4ste bieten wir auch Halbpension mit Gangmen\u00fc an.<\/p>\n\t\t\t\t\t\t\t\t<\/div>\n\t\t\t\t<\/div>\n\t\t\t\t\t<\/div>\n\t\t<\/div>\n\t\t\t\t<div class=\"elementor-column elementor-col-50 elementor-top-column elementor-element elementor-element-1e4bc26\" data-id=\"1e4bc26\" data-element_type=\"column\" data-e-type=\"column\">\n\t\t\t<div class=\"elementor-widget-wrap elementor-element-populated\">\n\t\t\t\t\t\t<div class=\"elementor-element elementor-element-cc30fb7 elementor-widget elementor-widget-image\" data-id=\"cc30fb7\" data-element_type=\"widget\" data-e-type=\"widget\" data-widget_type=\"image.default\">\n\t\t\t\t<div class=\"elementor-widget-container\">\n\t\t\t\t\t\t\t\t\t\t\t\t\t\t\t<img fetchpriority=\"high\" decoding=\"async\" width=\"1024\" height=\"683\" src=\"https:\/\/zarera.ch\/wp-content\/uploads\/2023\/05\/restaurant-1-1024x683.webp\" class=\"attachment-large size-large wp-image-357\" alt=\"\" srcset=\"https:\/\/zarera.ch\/wp-content\/uploads\/2023\/05\/restaurant-1-1024x683.webp 1024w, https:\/\/zarera.ch\/wp-content\/uploads\/2023\/05\/restaurant-1-300x200.webp 300w, https:\/\/zarera.ch\/wp-content\/uploads\/2023\/05\/restaurant-1-768x512.webp 768w, https:\/\/zarera.ch\/wp-content\/uploads\/2023\/05\/restaurant-1.webp 1280w\" sizes=\"(max-width: 1024px) 100vw, 1024px\" \/>\t\t\t\t\t\t\t\t\t\t\t\t\t\t\t<\/div>\n\t\t\t\t<\/div>\n\t\t\t\t<div class=\"elementor-element elementor-element-0e048db elementor-widget elementor-widget-image\" data-id=\"0e048db\" data-element_type=\"widget\" data-e-type=\"widget\" data-widget_type=\"image.default\">\n\t\t\t\t<div class=\"elementor-widget-container\">\n\t\t\t\t\t\t\t\t\t\t\t\t\t\t\t<img decoding=\"async\" width=\"683\" height=\"1024\" src=\"https:\/\/zarera.ch\/wp-content\/uploads\/2023\/05\/ivp_3665-683x1024.webp\" class=\"attachment-large size-large wp-image-353\" alt=\"\" srcset=\"https:\/\/zarera.ch\/wp-content\/uploads\/2023\/05\/ivp_3665-683x1024.webp 683w, https:\/\/zarera.ch\/wp-content\/uploads\/2023\/05\/ivp_3665-200x300.webp 200w, https:\/\/zarera.ch\/wp-content\/uploads\/2023\/05\/ivp_3665-768x1152.webp 768w, https:\/\/zarera.ch\/wp-content\/uploads\/2023\/05\/ivp_3665-1024x1536.webp 1024w, https:\/\/zarera.ch\/wp-content\/uploads\/2023\/05\/ivp_3665.webp 1080w\" sizes=\"(max-width: 683px) 100vw, 683px\" \/>\t\t\t\t\t\t\t\t\t\t\t\t\t\t\t<\/div>\n\t\t\t\t<\/div>\n\t\t\t\t\t<\/div>\n\t\t<\/div>\n\t\t\t\t\t<\/div>\n\t\t<\/section>\n\t\t\t\t<section class=\"elementor-section elementor-top-section elementor-element elementor-element-b909a60 elementor-section-boxed elementor-section-height-default elementor-section-height-default\" data-id=\"b909a60\" data-element_type=\"section\" data-e-type=\"section\">\n\t\t\t\t\t\t<div class=\"elementor-container elementor-column-gap-default\">\n\t\t\t\t\t<div class=\"elementor-column elementor-col-50 elementor-top-column elementor-element elementor-element-3bcf023\" data-id=\"3bcf023\" data-element_type=\"column\" data-e-type=\"column\">\n\t\t\t<div class=\"elementor-widget-wrap elementor-element-populated\">\n\t\t\t\t\t\t<div class=\"elementor-element elementor-element-34d1cd2 elementor-widget elementor-widget-image\" data-id=\"34d1cd2\" data-element_type=\"widget\" data-e-type=\"widget\" data-widget_type=\"image.default\">\n\t\t\t\t<div class=\"elementor-widget-container\">\n\t\t\t\t\t\t\t\t\t\t\t\t\t\t\t<img decoding=\"async\" width=\"1024\" height=\"1024\" src=\"https:\/\/zarera.ch\/wp-content\/uploads\/2023\/05\/img_20200621_120336_417-scaled-1-1024x1024.webp\" class=\"attachment-large size-large wp-image-342\" alt=\"\" srcset=\"https:\/\/zarera.ch\/wp-content\/uploads\/2023\/05\/img_20200621_120336_417-scaled-1-1024x1024.webp 1024w, https:\/\/zarera.ch\/wp-content\/uploads\/2023\/05\/img_20200621_120336_417-scaled-1-300x300.webp 300w, https:\/\/zarera.ch\/wp-content\/uploads\/2023\/05\/img_20200621_120336_417-scaled-1-150x150.webp 150w, https:\/\/zarera.ch\/wp-content\/uploads\/2023\/05\/img_20200621_120336_417-scaled-1-768x768.webp 768w, https:\/\/zarera.ch\/wp-content\/uploads\/2023\/05\/img_20200621_120336_417-scaled-1-1536x1536.webp 1536w, https:\/\/zarera.ch\/wp-content\/uploads\/2023\/05\/img_20200621_120336_417-scaled-1-2048x2048.webp 2048w\" sizes=\"(max-width: 1024px) 100vw, 1024px\" \/>\t\t\t\t\t\t\t\t\t\t\t\t\t\t\t<\/div>\n\t\t\t\t<\/div>\n\t\t\t\t\t<\/div>\n\t\t<\/div>\n\t\t\t\t<div class=\"elementor-column elementor-col-50 elementor-top-column elementor-element elementor-element-ff8020b\" data-id=\"ff8020b\" data-element_type=\"column\" data-e-type=\"column\">\n\t\t\t<div class=\"elementor-widget-wrap elementor-element-populated\">\n\t\t\t\t\t\t<div class=\"elementor-element elementor-element-0ab16c4 elementor-widget elementor-widget-image\" data-id=\"0ab16c4\" data-element_type=\"widget\" data-e-type=\"widget\" data-widget_type=\"image.default\">\n\t\t\t\t<div class=\"elementor-widget-container\">\n\t\t\t\t\t\t\t\t\t\t\t\t\t\t\t<img loading=\"lazy\" decoding=\"async\" width=\"1024\" height=\"684\" src=\"https:\/\/zarera.ch\/wp-content\/uploads\/2023\/05\/restaurant-2-1024x684.webp\" class=\"attachment-large size-large wp-image-359\" alt=\"\" srcset=\"https:\/\/zarera.ch\/wp-content\/uploads\/2023\/05\/restaurant-2-1024x684.webp 1024w, https:\/\/zarera.ch\/wp-content\/uploads\/2023\/05\/restaurant-2-300x200.webp 300w, https:\/\/zarera.ch\/wp-content\/uploads\/2023\/05\/restaurant-2-768x513.webp 768w, https:\/\/zarera.ch\/wp-content\/uploads\/2023\/05\/restaurant-2.webp 1280w\" sizes=\"(max-width: 1024px) 100vw, 1024px\" \/>\t\t\t\t\t\t\t\t\t\t\t\t\t\t\t<\/div>\n\t\t\t\t<\/div>\n\t\t\t\t\t<\/div>\n\t\t<\/div>\n\t\t\t\t\t<\/div>\n\t\t<\/section>\n\t\t\t\t<\/div>\n\t\t","protected":false},"excerpt":{"rendered":"<p>Restaurant Offerte anfordern Anfrage gesendet, wir werden so schnell wie m\u00f6glich antworten Fehler beim Senden Lassen Sie sich verw\u00f6hnen Zu einem perfekten Bergurlaub geh\u00f6ren zweifellos sch\u00f6ne Tage, unvergessliche Ausfl\u00fcge und Spazierg\u00e4nge im Schnee. Aber Hand in Hand sorgt die K\u00fcche immer f\u00fcr ein stimmiges Gesamterlebnis. Und weil wir das wissen, legen wir gro\u00dfen Wert darauf, [&hellip;]<\/p>\n","protected":false},"author":1,"featured_media":0,"parent":0,"menu_order":0,"comment_status":"closed","ping_status":"closed","template":"","meta":{"footnotes":""},"class_list":["post-389","page","type-page","status-publish","hentry"],"_links":{"self":[{"href":"https:\/\/zarera.ch\/de\/wp-json\/wp\/v2\/pages\/389","targetHints":{"allow":["GET"]}}],"collection":[{"href":"https:\/\/zarera.ch\/de\/wp-json\/wp\/v2\/pages"}],"about":[{"href":"https:\/\/zarera.ch\/de\/wp-json\/wp\/v2\/types\/page"}],"author":[{"embeddable":true,"href":"https:\/\/zarera.ch\/de\/wp-json\/wp\/v2\/users\/1"}],"replies":[{"embeddable":true,"href":"https:\/\/zarera.ch\/de\/wp-json\/wp\/v2\/comments?post=389"}],"version-history":[{"count":7,"href":"https:\/\/zarera.ch\/de\/wp-json\/wp\/v2\/pages\/389\/revisions"}],"predecessor-version":[{"id":484,"href":"https:\/\/zarera.ch\/de\/wp-json\/wp\/v2\/pages\/389\/revisions\/484"}],"wp:attachment":[{"href":"https:\/\/zarera.ch\/de\/wp-json\/wp\/v2\/media?parent=389"}],"curies":[{"name":"wp","href":"https:\/\/api.w.org\/{rel}","templated":true}]}}